{"id":2389,"date":"2023-10-30T14:29:11","date_gmt":"2023-10-30T13:29:11","guid":{"rendered":"https:\/\/queendental.al\/?page_id=2389"},"modified":"2024-06-12T14:03:44","modified_gmt":"2024-06-12T13:03:44","slug":"cosmetics","status":"publish","type":"page","link":"https:\/\/ldc.al\/it\/services\/cosmetics\/","title":{"rendered":"Cosmetiche"},"content":{"rendered":"<div data-elementor-type=\"wp-page\" data-elementor-id=\"2389\" class=\"elementor elementor-2389\" data-elementor-post-type=\"page\">\n\t\t\t\t\t\t<section class=\"elementor-section elementor-top-section elementor-element elementor-element-987c435 elementor-section-boxed elementor-section-height-default elementor-section-height-default\" data-id=\"987c435\" data-element_type=\"section\" data-e-type=\"section\">\n\t\t\t\t\t\t<div class=\"elementor-container elementor-column-gap-default\">\n\t\t\t\t\t<div class=\"elementor-column elementor-col-66 elementor-top-column elementor-element elementor-element-096c756\" data-id=\"096c756\" data-element_type=\"column\" data-e-type=\"column\">\n\t\t\t<div class=\"elementor-widget-wrap elementor-element-populated\">\n\t\t\t\t\t\t<div class=\"elementor-element elementor-element-28debd7 elementor-widget elementor-widget-theme-post-featured-image elementor-widget-image\" data-id=\"28debd7\" data-element_type=\"widget\" data-e-type=\"widget\" data-widget_type=\"theme-post-featured-image.default\">\n\t\t\t\t<div class=\"elementor-widget-container\">\n\t\t\t\t\t\t\t\t\t\t\t\t\t\t\t<img loading=\"lazy\" decoding=\"async\" width=\"800\" height=\"534\" src=\"https:\/\/ldc.al\/wp-content\/uploads\/2024\/06\/ldc-2.jpg\" class=\"attachment-full size-full wp-image-15936\" alt=\"\" srcset=\"https:\/\/ldc.al\/wp-content\/uploads\/2024\/06\/ldc-2.jpg 800w, https:\/\/ldc.al\/wp-content\/uploads\/2024\/06\/ldc-2-400x267.jpg 400w, https:\/\/ldc.al\/wp-content\/uploads\/2024\/06\/ldc-2-768x513.jpg 768w, https:\/\/ldc.al\/wp-content\/uploads\/2024\/06\/ldc-2-18x12.jpg 18w\" sizes=\"auto, (max-width: 800px) 100vw, 800px\" \/>\t\t\t\t\t\t\t\t\t\t\t\t\t\t\t<\/div>\n\t\t\t\t<\/div>\n\t\t\t\t<div class=\"elementor-element elementor-element-dd0db7f elementor-widget elementor-widget-heading\" data-id=\"dd0db7f\" data-element_type=\"widget\" data-e-type=\"widget\" data-widget_type=\"heading.default\">\n\t\t\t\t<div class=\"elementor-widget-container\">\n\t\t\t\t\t<p class=\"elementor-heading-title elementor-size-default\">Cosmetica Dentale: Migliorare Sorrisi, Elevare la Fiducia La Cosmetica Dentale \u00e8 un ramo specializzato dell\u2019odontoiatria dedicato a migliorare l\u2019aspetto estetico del sorriso. Questo servizio trasformativo si concentra sull\u2019ottimizzazione del colore, della forma, delle dimensioni e dell\u2019aspetto generale dei denti per aumentare non solo l\u2019attrattiva visiva del sorriso, ma anche la fiducia delle persone. Aspetti Chiave della Cosmetica Dentale:<\/p>\t\t\t\t<\/div>\n\t\t\t\t<\/div>\n\t\t\t\t<div class=\"elementor-element elementor-element-5c39ff5 color-scheme-inherit text-left elementor-widget elementor-widget-text-editor\" data-id=\"5c39ff5\" data-element_type=\"widget\" data-e-type=\"widget\" data-widget_type=\"text-editor.default\">\n\t\t\t\t<div class=\"elementor-widget-container\">\n\t\t\t\t\t\t\t\t\t<ul><li><strong>Sbiancamento dei Denti:<\/strong>\u00a0Uno dei trattamenti pi\u00f9 popolari nella Cosmetica Dentale \u00e8 lo sbiancamento dei denti, che rimuove efficacemente macchie e discolorazioni, lasciando i denti pi\u00f9 luminosi e vibranti.<\/li><li><strong>Facette Dentali:<\/strong>\u00a0Le facette dentali sono sottili gusci personalizzati che vengono incollati sulla parte anteriore dei denti per nascondere imperfezioni come scheggiature, crepe e macchie, garantendo nel fratempo un aspetto naturale.<\/li><li><strong>Estetica Ortodontica<\/strong>:\u00a0Le opzioni ortodontiche moderne come gli allineatori trasparenti offrono ai pazienti la possibilit\u00e0 di raddrizzare i denti in modo discreto, senza la necessit\u00e0 di apparecchi ortodontici tradizionali in metallo.<\/li><li><strong>Trasformazioni del Sorriso:<\/strong>\u00a0La Cosmetica Dentale spesso implica trasformazioni complete del sorriso, in cui viene utilizzata una combinazione di trattamenti per raggiungere la trasformazione desiderata del sorriso del paziente.<\/li><li><strong>IL Ruolo della Cosmetica Dentale:<\/strong><br \/>Gli specialisti della Cosmetica Dentale, noti anche come dentisti cosmetici, uniscono le loro abilit\u00e0 artistiche e dentali per creare sorrisi sorprendenti dell\u2019aspetto naturale. Lavorando a stretto contatto con i pazienti per comprendere i loro obiettivi unici e le loro preferenze, personalizzando piani di trattamento per ottenere i risultati desiderati.<br \/>In Italia e in tutto il mondo, la Cosmetica Dentale continua a dare sicurezza alle persone per prendere il controllo dell\u2019estetica del loro sorriso, affrontando le imperfezioni e ripristinando l\u2019autostima. Che si tratti di un leggero miglioramento o di una trasformazione completa del sorriso, la Cosmetica Dentale \u00e8 dedicata a valutare sia gli aspetti visivi che psicologici del sorriso del paziente, portando a una vita pi\u00f9 felice e fiduciosa.<\/li><\/ul>\t\t\t\t\t\t\t\t<\/div>\n\t\t\t\t<\/div>\n\t\t\t\t\t<\/div>\n\t\t<\/div>\n\t\t\t\t<div class=\"elementor-column elementor-col-33 elementor-top-column elementor-element elementor-element-88a31e1\" data-id=\"88a31e1\" data-element_type=\"column\" data-e-type=\"column\">\n\t\t\t<div class=\"elementor-widget-wrap\">\n\t\t\t\t\t\t\t<\/div>\n\t\t<\/div>\n\t\t\t\t\t<\/div>\n\t\t<\/section>\n\t\t\t\t<\/div>","protected":false},"excerpt":{"rendered":"<p>Cosmetica Dentale: Migliorare Sorrisi, Elevare la Fiducia La Cosmetica Dentale \u00e8 un ramo specializzato dell\u2019odontoiatria dedicato a migliorare l\u2019aspetto estetico<\/p>","protected":false},"author":1,"featured_media":15936,"parent":37,"menu_order":0,"comment_status":"closed","ping_status":"closed","template":"elementor_theme","meta":{"footnotes":""},"class_list":["post-2389","page","type-page","status-publish","has-post-thumbnail","hentry"],"_links":{"self":[{"href":"https:\/\/ldc.al\/it\/wp-json\/wp\/v2\/pages\/2389","targetHints":{"allow":["GET"]}}],"collection":[{"href":"https:\/\/ldc.al\/it\/wp-json\/wp\/v2\/pages"}],"about":[{"href":"https:\/\/ldc.al\/it\/wp-json\/wp\/v2\/types\/page"}],"author":[{"embeddable":true,"href":"https:\/\/ldc.al\/it\/wp-json\/wp\/v2\/users\/1"}],"replies":[{"embeddable":true,"href":"https:\/\/ldc.al\/it\/wp-json\/wp\/v2\/comments?post=2389"}],"version-history":[{"count":0,"href":"https:\/\/ldc.al\/it\/wp-json\/wp\/v2\/pages\/2389\/revisions"}],"up":[{"embeddable":true,"href":"https:\/\/ldc.al\/it\/wp-json\/wp\/v2\/pages\/37"}],"wp:featuredmedia":[{"embeddable":true,"href":"https:\/\/ldc.al\/it\/wp-json\/wp\/v2\/media\/15936"}],"wp:attachment":[{"href":"https:\/\/ldc.al\/it\/wp-json\/wp\/v2\/media?parent=2389"}],"curies":[{"name":"wp","href":"https:\/\/api.w.org\/{rel}","templated":true}]}}